{"id":16,"date":"2024-07-16T22:36:48","date_gmt":"2024-07-17T03:36:48","guid":{"rendered":"https:\/\/acsaudit.com.co\/?page_id=16"},"modified":"2024-08-21T14:34:34","modified_gmt":"2024-08-21T19:34:34","slug":"contactenos","status":"publish","type":"page","link":"https:\/\/acsaudit.com.co\/en\/contactenos\/","title":{"rendered":"Contact us"},"content":{"rendered":"<div id=\"fws_69f205a376fc4\"  data-column-margin=\"default\" data-midnight=\"dark\"  class=\"wpb_row vc_row-fluid vc_row full-width-section\"  style=\"padding-top: 130px; padding-bottom: 130px; \"><div class=\"row-bg-wrap\" data-bg-animation=\"none\" data-bg-animation-delay=\"\" data-bg-overlay=\"true\"><div class=\"inner-wrap row-bg-layer using-image\" ><div class=\"row-bg viewport-desktop using-image\"  style=\"background-image: url(https:\/\/acsaudit.com.co\/wp-content\/uploads\/2024\/07\/banner-contactenos-revisoria_fiscal-1.jpg); background-position: center center; background-repeat: no-repeat; \"><\/div><\/div><div class=\"row-bg-overlay row-bg-layer\" style=\"background: #2ac4ea; background: linear-gradient(90deg,#2ac4ea 0%,#00335f 100%);  opacity: 0.8; \"><\/div><\/div><div class=\"nectar-shape-divider-wrap no-color\" style=\" height:50px;\"  data-height=\"50\" data-front=\"true\" data-style=\"curve_asym_2\" data-position=\"bottom\" ><svg class=\"nectar-shape-divider\" aria-hidden=\"true\" fill=\"\" xmlns=\"http:\/\/www.w3.org\/2000\/svg\" viewbox=\"0 0 100 100\" preserveaspectratio=\"none\"> <path d=\"M0 100 C 50 0 80 0 100 100 Z\"><\/path> <\/svg><\/div><div class=\"row_col_wrap_12 col span_12 dark left\">\n\t<div  class=\"vc_col-sm-12 wpb_column column_container vc_column_container col no-extra-padding inherit_tablet inherit_phone\"  data-padding-pos=\"all\" data-has-bg-color=\"false\" data-bg-color=\"\" data-bg-opacity=\"1\" data-animation=\"\" data-delay=\"0\" >\n\t\t<div class=\"vc_column-inner\" >\n\t\t\t<div class=\"wpb_wrapper\">\n\t\t\t\t<h2 style=\"font-size: 45px;color: #ffffff;text-align: center\" class=\"vc_custom_heading wpb_animate_when_almost_visible wpb_fadeInDown fadeInDown\" >Contact us<\/h2>\n\t\t\t<\/div> \n\t\t<\/div>\n\t<\/div> \n<\/div><\/div>\n\t\t<div id=\"fws_69f205a38e78a\"  data-column-margin=\"none\" data-midnight=\"dark\" data-bottom-percent=\"4%\"  class=\"wpb_row vc_row-fluid vc_row full-width-section\"  style=\"padding-top: 0px; padding-bottom: calc(100vw * 0.04); \"><div class=\"row-bg-wrap\" data-bg-animation=\"none\" data-bg-animation-delay=\"\" data-bg-overlay=\"false\"><div class=\"inner-wrap row-bg-layer\" ><div class=\"row-bg viewport-desktop using-bg-color\"  style=\"background-color: #ffffff; \"><\/div><\/div><\/div><div class=\"row_col_wrap_12 col span_12 dark left\">\n\t<div  class=\"vc_col-sm-1 wpb_column column_container vc_column_container col no-extra-padding inherit_tablet inherit_phone\"  data-padding-pos=\"all\" data-has-bg-color=\"false\" data-bg-color=\"\" data-bg-opacity=\"1\" data-animation=\"\" data-delay=\"0\" >\n\t\t<div class=\"vc_column-inner\" >\n\t\t\t<div class=\"wpb_wrapper\">\n\t\t\t\t\n\t\t\t<\/div> \n\t\t<\/div>\n\t<\/div> \n\n\t<div style=\"margin-top: -70px; \" class=\"vc_col-sm-10 wpb_column column_container vc_column_container col neg-marg no-extra-padding inherit_tablet inherit_phone\" data-using-bg=\"true\" data-border-radius=\"5px\" data-shadow=\"small_depth\" data-padding-pos=\"all\" data-has-bg-color=\"true\" data-bg-color=\"#ffffff\" data-bg-opacity=\"1\" data-animation=\"\" data-delay=\"0\" >\n\t\t<div class=\"vc_column-inner\" ><div class=\"column-bg-overlay-wrap column-bg-layer\" data-bg-animation=\"none\"><div class=\"column-bg-overlay\" style=\"opacity: 1; background-color: #ffffff;\"><\/div><\/div>\n\t\t\t<div class=\"wpb_wrapper\">\n\t\t\t\t<div id=\"fws_69f205a38fbb1\" data-midnight=\"\" data-column-margin=\"default\" class=\"wpb_row vc_row-fluid vc_row inner_row vc_row-o-equal-height vc_row-flex\"  style=\"\"><div class=\"row-bg-wrap\"> <div class=\"row-bg\" ><\/div> <\/div><div class=\"row_col_wrap_12_inner col span_12  left\">\n\t<div style=\"\" class=\"vc_col-sm-5 wpb_column column_container vc_column_container col child_column padding-8-percent inherit_tablet inherit_phone tl_br_5px\"  data-using-bg=\"true\" data-padding-pos=\"all\" data-has-bg-color=\"true\" data-bg-color=\"#fffcfc\" data-bg-opacity=\"0.7\" data-animation=\"\" data-delay=\"0\" >\n\t\t<div class=\"vc_column-inner\" ><div class=\"column-bg-overlay-wrap column-bg-layer\" data-bg-animation=\"none\"><div class=\"column-bg-overlay\" style=\"opacity: 0.7; background-color: #fffcfc;\"><\/div><\/div>\n\t\t<div class=\"wpb_wrapper\">\n\t\t\t\n<div class=\"wpb_text_column wpb_content_element\" >\n\t<div class=\"wpb_wrapper\">\n\t\t<h3><span style=\"color: #00335f;\">Contact<\/span><\/h3>\n\t<\/div>\n<\/div>\n\n\n\n\n<div class=\"wpb_text_column wpb_content_element\" >\n\t<div class=\"wpb_wrapper\">\n\t\t<p>We are here to help you with all your needs, audit and consultancy. <\/p>\n\t<\/div>\n<\/div>\n\n\n\n\n<div class=\"wpb_text_column wpb_content_element\" >\n\t<div class=\"wpb_wrapper\">\n\t\t<p><strong>ACS S. A. S \u2022 SMS Bogota<\/strong><br \/>\n<i class=\"fa fa-fax\" style=\"color: #0091d2; margin: 0px 5px 0px 0px;\"><\/i>+57 6017042904<br \/>\n<i class=\"fa fa-whatsapp\" style=\"color: #0091d2; margin: 0px 5px 0px 0px;\"><\/i>+57 3175021096<br \/>\n<i class=\"fa fa-phone-square\" style=\"color: #0091d2; margin: 0px 5px 0px 0px;\"><\/i>+57 6017042796 | +57 6017042528<br \/>\n<i class=\"fa-regular fa-envelope\" style=\"color: #0091d2; margin: 0px 5px 0px 0px;\"> <\/i>info@acsaudit.com.co<br \/>\n<i class=\"fa fa-map-marker\" style=\"color: #0091d2; margin: 0px 5px 0px 0px;\"> <\/i>Cra. 78 # 17-55 Office 402 \u2013 Bogot\u00e1, Colombia<\/p>\n\t<\/div>\n<\/div>\n\n\n\n\n<div class=\"wpb_text_column wpb_content_element\" >\n\t<div class=\"wpb_wrapper\">\n\t\t<p><strong>ACS S. A. S \u2022 SMS Barranquilla<\/strong><br \/>\n<i class=\"fa fa-whatsapp\" style=\"color: #0091d2; margin: 0px 5px 0px 0px;\"><\/i>+57 3003921474<br \/>\n<i class=\"fa-regular fa-envelope\" style=\"color: #0091d2; margin: 0px 5px 0px 0px;\"> <\/i>info@acsaudit.com.co<br \/>\n<i class=\"fa fa-map-marker\" style=\"color: #0091d2; margin: 0px 5px 0px 0px;\"> <\/i>Cra. 47 No. 74 \u2013 03 Office 205<\/p>\n\t<\/div>\n<\/div>\n\n\n\n<div class=\"divider-wrap\" style=\"opacity: 0.1;\" data-alignment=\"default\"><div style=\"margin-top: 15px; height: 1px; margin-bottom: 15px;\" data-width=\"100%\" data-animate=\"\" data-animation-delay=\"\" data-color=\"extra-color-1\" class=\"divider-border\"><\/div><\/div>\n<div class=\"wpb_text_column wpb_content_element\" >\n\t<div class=\"wpb_wrapper\">\n\t\t<p><strong>Follow us on:<\/strong><\/p>\n\t<\/div>\n<\/div>\n\n\n\n<div class=\"nectar_icon_wrap\" data-border-thickness=\"2px\" data-style=\"border-animation\" data-padding=\"5px\" data-color=\"accent-color\" style=\"margin-right: 4px; margin-left: 4px; \" >\n\t\t<div class=\"nectar_icon icon_color_custom_2ac4ea\" ><a href=\"https:\/\/www.facebook.com\/ACSAUDITORES\" target=\"_blank\"><\/a><i style=\"font-size: 15px; line-height: 22.5px; height: 22.5px; width: 22.5px;\" class=\"fa fa-facebook\"><\/i><\/div>\n\t<\/div><div class=\"nectar_icon_wrap\" data-border-thickness=\"2px\" data-style=\"border-animation\" data-padding=\"5px\" data-color=\"accent-color\" style=\"margin-right: 4px; margin-left: 4px; \" >\n\t\t<div class=\"nectar_icon icon_color_custom_2ac4ea\" ><a href=\"https:\/\/www.youtube.com\/@auditconsultingacs751\/featured\" target=\"_blank\"><\/a><i style=\"font-size: 15px; line-height: 22.5px; height: 22.5px; width: 22.5px;\" class=\"fa fa-youtube-play\"><\/i><\/div>\n\t<\/div><div class=\"nectar_icon_wrap\" data-border-thickness=\"2px\" data-style=\"border-animation\" data-padding=\"5px\" data-color=\"accent-color\" style=\"margin-right: 4px; margin-left: 4px; \" >\n\t\t<div class=\"nectar_icon icon_color_custom_2ac4ea\" ><a href=\"https:\/\/www.instagram.com\/acs_audit\/?igsh=cHNnN3J1Mmo2dng4\" target=\"_blank\"><\/a><i style=\"font-size: 15px; line-height: 22.5px; height: 22.5px; width: 22.5px;\" class=\"fa fa-instagram\"><\/i><\/div>\n\t<\/div><div class=\"nectar_icon_wrap\" data-border-thickness=\"2px\" data-style=\"border-animation\" data-padding=\"5px\" data-color=\"accent-color\" style=\"margin-right: 4px; margin-left: 4px; \" >\n\t\t<div class=\"nectar_icon icon_color_custom_2ac4ea\" ><a href=\"https:\/\/www.linkedin.com\/in\/acs-audit-consulting-services-278a45137\/\" target=\"_blank\"><\/a><i style=\"font-size: 15px; line-height: 22.5px; height: 22.5px; width: 22.5px;\" class=\"fa fa-linkedin\"><\/i><\/div>\n\t<\/div>\n\t\t<\/div> \n\t<\/div>\n\t<\/div> \n\n\t<div  class=\"vc_col-sm-7 wpb_column column_container vc_column_container col child_column padding-8-percent inherit_tablet inherit_phone tr_br_5px\"   data-padding-pos=\"all\" data-has-bg-color=\"false\" data-bg-color=\"\" data-bg-opacity=\"1\" data-animation=\"\" data-delay=\"0\" >\n\t\t<div class=\"vc_column-inner\" >\n\t\t<div class=\"wpb_wrapper\">\n\t\t\t\n<div class=\"wpb_text_column wpb_content_element\" >\n\t<div class=\"wpb_wrapper\">\n\t\t<h3><span style=\"color: #00335f;\">Send us a message<\/span><\/h3>\n\t<\/div>\n<\/div>\n\n\n\n\n<div class=\"wpcf7 no-js\" id=\"wpcf7-f5-o1\" lang=\"es-CO\" dir=\"ltr\" data-wpcf7-id=\"5\">\n<div class=\"screen-reader-response\"><p role=\"status\" aria-live=\"polite\" aria-atomic=\"true\"><\/p> <ul><\/ul><\/div>\n<form action=\"\/en\/wp-json\/wp\/v2\/pages\/16#wpcf7-f5-o1\" method=\"post\" class=\"wpcf7-form init\" aria-label=\"Formulario de contacto\" novalidate=\"novalidate\" data-status=\"init\" data-trp-original-action=\"\/en\/wp-json\/wp\/v2\/pages\/16#wpcf7-f5-o1\">\n<fieldset class=\"hidden-fields-container\"><input type=\"hidden\" name=\"_wpcf7\" value=\"5\" \/><input type=\"hidden\" name=\"_wpcf7_version\" value=\"6.1.5\" \/><input type=\"hidden\" name=\"_wpcf7_locale\" value=\"es_CO\" \/><input type=\"hidden\" name=\"_wpcf7_unit_tag\" value=\"wpcf7-f5-o1\" \/><input type=\"hidden\" name=\"_wpcf7_container_post\" value=\"0\" \/><input type=\"hidden\" name=\"_wpcf7_posted_data_hash\" value=\"\" \/><input type=\"hidden\" name=\"_wpcf7_recaptcha_response\" value=\"\" \/>\n<\/fieldset>\n<div class=\"cf-container\">\n\t<div class=\"cf-col-6\">\n\t\t<p><span class=\"wpcf7-form-control-wrap\" data-name=\"Nombreyapellido\"><input size=\"40\" maxlength=\"400\" class=\"wpcf7-form-control wpcf7-text wpcf7-validates-as-required\" aria-required=\"true\" aria-invalid=\"false\" placeholder=\"Name and surname\" value=\"\" type=\"text\" name=\"Nombreyapellido\" \/><\/span>\n\t\t<\/p>\n\t<\/div>\n\t<div class=\"cf-col-6\">\n\t\t<p><span class=\"wpcf7-form-control-wrap\" data-name=\"empresa\"><input size=\"40\" maxlength=\"400\" class=\"wpcf7-form-control wpcf7-text\" aria-invalid=\"false\" placeholder=\"Company\" value=\"\" type=\"text\" name=\"empresa\" \/><\/span>\n\t\t<\/p>\n\t<\/div>\n\t<div class=\"cf-col-12\">\n\t\t<p><span class=\"wpcf7-form-control-wrap\" data-name=\"CorreoElectrnico\"><input size=\"40\" maxlength=\"400\" class=\"wpcf7-form-control wpcf7-email wpcf7-validates-as-required wpcf7-text wpcf7-validates-as-email\" aria-required=\"true\" aria-invalid=\"false\" placeholder=\"E-Mail\" value=\"\" type=\"email\" name=\"CorreoElectrnico\" \/><\/span>\n\t\t<\/p>\n\t<\/div>\n\t<div class=\"cf-col-12\">\n\t\t<p><span class=\"wpcf7-form-control-wrap\" data-name=\"Telefono\"><input size=\"40\" class=\"wpcf7-form-control wpcf7-countrytext wpcf7-validates-as-required wpcf7-text wpcf7-validates-as-countrytext\" aria-required=\"true\" aria-invalid=\"false\" placeholder=\"Phone\" value=\"\" type=\"text\" name=\"Telefono\" \/><\/span>\n\t\t<\/p>\n\t<\/div>\n\t<div class=\"cf-col-12\">\n\t\t<p><span class=\"wpcf7-form-control-wrap\" data-name=\"Asunto\"><input size=\"40\" maxlength=\"400\" class=\"wpcf7-form-control wpcf7-text\" aria-invalid=\"false\" placeholder=\"Subject\" value=\"\" type=\"text\" name=\"Asunto\" \/><\/span>\n\t\t<\/p>\n\t<\/div>\n\t<div class=\"cf-col-12\">\n\t\t<p><span class=\"wpcf7-form-control-wrap\" data-name=\"Mensaje\"><textarea cols=\"40\" rows=\"10\" maxlength=\"2000\" class=\"wpcf7-form-control wpcf7-textarea\" aria-invalid=\"false\" placeholder=\"Message\" name=\"Mensaje\"><\/textarea><\/span>\n\t\t<\/p>\n\t<\/div>\n\t<div class=\"cf-col-12\">\n\t\t<p><input class=\"wpcf7-form-control wpcf7-submit has-spinner\" type=\"submit\" value=\"Send\" \/>\n\t\t<\/p>\n\t<\/div>\n<\/div><div class=\"wpcf7-response-output\" aria-hidden=\"true\"><\/div>\n<input type=\"hidden\" name=\"trp-form-language\" value=\"en\"\/><\/form>\n<\/div>\n\n\t\t<\/div> \n\t<\/div>\n\t<\/div> \n<\/div><\/div>\n\t\t\t<\/div> \n\t\t<\/div>\n\t<\/div> \n\n\t<div  class=\"vc_col-sm-1 wpb_column column_container vc_column_container col no-extra-padding inherit_tablet inherit_phone\"  data-padding-pos=\"all\" data-has-bg-color=\"false\" data-bg-color=\"\" data-bg-opacity=\"1\" data-animation=\"\" data-delay=\"0\" >\n\t\t<div class=\"vc_column-inner\" >\n\t\t\t<div class=\"wpb_wrapper\">\n\t\t\t\t\n\t\t\t<\/div> \n\t\t<\/div>\n\t<\/div> \n<\/div><\/div>\n\t\t<div id=\"fws_69f205a39daa2\"  data-column-margin=\"default\" data-midnight=\"dark\"  class=\"wpb_row vc_row-fluid vc_row full-width-content vc_row-o-equal-height vc_row-flex vc_row-o-content-top\"  style=\"padding-top: 0px; padding-bottom: 0px; \"><div class=\"row-bg-wrap\" data-bg-animation=\"none\" data-bg-animation-delay=\"\" data-bg-overlay=\"false\"><div class=\"inner-wrap row-bg-layer\" ><div class=\"row-bg viewport-desktop\"  style=\"\"><\/div><\/div><\/div><div class=\"row_col_wrap_12 col span_12 dark left\">\n\t<div  class=\"vc_col-sm-12 wpb_column column_container vc_column_container col no-extra-padding inherit_tablet inherit_phone\"  data-padding-pos=\"all\" data-has-bg-color=\"false\" data-bg-color=\"\" data-bg-opacity=\"1\" data-animation=\"\" data-delay=\"0\" >\n\t\t<div class=\"vc_column-inner\" >\n\t\t\t<div class=\"wpb_wrapper\">\n\t\t\t\t<div id=\"map_69f205a39e9e6\" style=\"height: 500px;\" class=\"nectar-leaflet-map\" data-infowindow-start-open=\"1\" data-dark-color-scheme=\"\" data-marker-style=\"default\" data-nectar-marker-color=\"accent-color\" data-ultra-flat=\"\" data-greyscale=\"1\" data-extra-color=\"\" data-enable-animation=\"false\" data-enable-zoom=\"\" data-zoom-level=\"18\" data-center-lat=\"4.6545497\" data-center-lng=\"-74.1309007\" data-marker-img=\"\"><\/div><div class=\"map_69f205a39e9e6 map-marker-list\"><div class=\"map-marker\" data-marker-image-width=\"35px\" data-marker-image-height=\"50\" data-lat=\"4.6545497\" data-lng=\"-74.1309007\" data-mapinfo=\"Audit and Consulting Services S.A.S \u2022 SMS Bogot\u00e1<br \/>\"><\/div><div class=\"map-marker\" data-marker-image-width=\"35px\" data-marker-image-height=\"50\" data-lat=\"10.9963453\" data-lng=\"-74.8119978\" data-mapinfo=\"Audit and Consulting Services S.A.S \u2022 SMS Barranquilla\"><\/div><\/div>\n\t\t\t<\/div> \n\t\t<\/div>\n\t<\/div> \n<\/div><\/div>","protected":false},"excerpt":{"rendered":"Cont\u00e1ctenos Ponte en contacto Estamos aqu\u00ed para ayudarle con todas sus necesidades de auditor\u00eda y consultor\u00eda. ACS S.A.S \u2022 SMS Bogot\u00e1 +57 6017042904 +57 3175021096 +57 6017042796 | +57 6017042528...","protected":false},"author":1,"featured_media":0,"parent":0,"menu_order":0,"comment_status":"closed","ping_status":"closed","template":"","meta":{"footnotes":""},"class_list":["post-16","page","type-page","status-publish"],"yoast_head":"<!-- This site is optimized with the Yoast SEO plugin v27.5 - https:\/\/yoast.com\/product\/yoast-seo-wordpress\/ -->\n<title>Cont\u00e1ctenos - Audit and Consulting Services S.A.S | SMS<\/title>\n<meta name=\"robots\" content=\"index, follow, max-snippet:-1, max-image-preview:large, max-video-preview:-1\" \/>\n<link rel=\"canonical\" href=\"https:\/\/acsaudit.com.co\/en\/contactenos\/\" \/>\n<meta property=\"og:locale\" content=\"en_US\" \/>\n<meta property=\"og:type\" content=\"article\" \/>\n<meta property=\"og:title\" content=\"Cont\u00e1ctenos - Audit and Consulting Services S.A.S | SMS\" \/>\n<meta property=\"og:url\" content=\"https:\/\/acsaudit.com.co\/en\/contactenos\/\" \/>\n<meta property=\"og:site_name\" content=\"Audit and Consulting Services S.A.S | SMS\" \/>\n<meta property=\"article:modified_time\" content=\"2024-08-21T19:34:34+00:00\" \/>\n<meta name=\"twitter:card\" content=\"summary_large_image\" \/>\n<meta name=\"twitter:label1\" content=\"Est. reading time\" \/>\n\t<meta name=\"twitter:data1\" content=\"7 minutes\" \/>\n<script type=\"application\/ld+json\" class=\"yoast-schema-graph\">{\"@context\":\"https:\\\/\\\/schema.org\",\"@graph\":[{\"@type\":\"WebPage\",\"@id\":\"https:\\\/\\\/acsaudit.com.co\\\/contactenos\\\/\",\"url\":\"https:\\\/\\\/acsaudit.com.co\\\/contactenos\\\/\",\"name\":\"Cont\u00e1ctenos - Audit and Consulting Services S.A.S | SMS\",\"isPartOf\":{\"@id\":\"https:\\\/\\\/acsaudit.com.co\\\/#website\"},\"datePublished\":\"2024-07-17T03:36:48+00:00\",\"dateModified\":\"2024-08-21T19:34:34+00:00\",\"breadcrumb\":{\"@id\":\"https:\\\/\\\/acsaudit.com.co\\\/contactenos\\\/#breadcrumb\"},\"inLanguage\":\"en-US\",\"potentialAction\":[{\"@type\":\"ReadAction\",\"target\":[\"https:\\\/\\\/acsaudit.com.co\\\/contactenos\\\/\"]}]},{\"@type\":\"BreadcrumbList\",\"@id\":\"https:\\\/\\\/acsaudit.com.co\\\/contactenos\\\/#breadcrumb\",\"itemListElement\":[{\"@type\":\"ListItem\",\"position\":1,\"name\":\"Inicio\",\"item\":\"https:\\\/\\\/acsaudit.com.co\\\/\"},{\"@type\":\"ListItem\",\"position\":2,\"name\":\"Cont\u00e1ctenos\"}]},{\"@type\":\"WebSite\",\"@id\":\"https:\\\/\\\/acsaudit.com.co\\\/#website\",\"url\":\"https:\\\/\\\/acsaudit.com.co\\\/\",\"name\":\"Audit and Consulting Services S.A.S | SMS\",\"description\":\"Servicios de revisor\u00eda fiscal y control de calidad ISQC1 de acuerdo con los requerimientos de la NICC1\",\"potentialAction\":[{\"@type\":\"SearchAction\",\"target\":{\"@type\":\"EntryPoint\",\"urlTemplate\":\"https:\\\/\\\/acsaudit.com.co\\\/?s={search_term_string}\"},\"query-input\":{\"@type\":\"PropertyValueSpecification\",\"valueRequired\":true,\"valueName\":\"search_term_string\"}}],\"inLanguage\":\"en-US\"}]}<\/script>\n<!-- \/ Yoast SEO plugin. -->","yoast_head_json":{"title":"Cont\u00e1ctenos - Audit and Consulting Services S.A.S | SMS","robots":{"index":"index","follow":"follow","max-snippet":"max-snippet:-1","max-image-preview":"max-image-preview:large","max-video-preview":"max-video-preview:-1"},"canonical":"https:\/\/acsaudit.com.co\/en\/contactenos\/","og_locale":"en_US","og_type":"article","og_title":"Cont\u00e1ctenos - Audit and Consulting Services S.A.S | SMS","og_url":"https:\/\/acsaudit.com.co\/en\/contactenos\/","og_site_name":"Audit and Consulting Services S.A.S | SMS","article_modified_time":"2024-08-21T19:34:34+00:00","twitter_card":"summary_large_image","twitter_misc":{"Est. reading time":"7 minutes"},"schema":{"@context":"https:\/\/schema.org","@graph":[{"@type":"WebPage","@id":"https:\/\/acsaudit.com.co\/contactenos\/","url":"https:\/\/acsaudit.com.co\/contactenos\/","name":"Cont\u00e1ctenos - Audit and Consulting Services S.A.S | SMS","isPartOf":{"@id":"https:\/\/acsaudit.com.co\/#website"},"datePublished":"2024-07-17T03:36:48+00:00","dateModified":"2024-08-21T19:34:34+00:00","breadcrumb":{"@id":"https:\/\/acsaudit.com.co\/contactenos\/#breadcrumb"},"inLanguage":"en-US","potentialAction":[{"@type":"ReadAction","target":["https:\/\/acsaudit.com.co\/contactenos\/"]}]},{"@type":"BreadcrumbList","@id":"https:\/\/acsaudit.com.co\/contactenos\/#breadcrumb","itemListElement":[{"@type":"ListItem","position":1,"name":"Inicio","item":"https:\/\/acsaudit.com.co\/"},{"@type":"ListItem","position":2,"name":"Cont\u00e1ctenos"}]},{"@type":"WebSite","@id":"https:\/\/acsaudit.com.co\/#website","url":"https:\/\/acsaudit.com.co\/","name":"Audit and Consulting Services S.A.S | SMS","description":"Servicios de revisor\u00eda fiscal y control de calidad ISQC1 de acuerdo con los requerimientos de la NICC1","potentialAction":[{"@type":"SearchAction","target":{"@type":"EntryPoint","urlTemplate":"https:\/\/acsaudit.com.co\/?s={search_term_string}"},"query-input":{"@type":"PropertyValueSpecification","valueRequired":true,"valueName":"search_term_string"}}],"inLanguage":"en-US"}]}},"_links":{"self":[{"href":"https:\/\/acsaudit.com.co\/en\/wp-json\/wp\/v2\/pages\/16","targetHints":{"allow":["GET"]}}],"collection":[{"href":"https:\/\/acsaudit.com.co\/en\/wp-json\/wp\/v2\/pages"}],"about":[{"href":"https:\/\/acsaudit.com.co\/en\/wp-json\/wp\/v2\/types\/page"}],"author":[{"embeddable":true,"href":"https:\/\/acsaudit.com.co\/en\/wp-json\/wp\/v2\/users\/1"}],"replies":[{"embeddable":true,"href":"https:\/\/acsaudit.com.co\/en\/wp-json\/wp\/v2\/comments?post=16"}],"version-history":[{"count":22,"href":"https:\/\/acsaudit.com.co\/en\/wp-json\/wp\/v2\/pages\/16\/revisions"}],"predecessor-version":[{"id":386,"href":"https:\/\/acsaudit.com.co\/en\/wp-json\/wp\/v2\/pages\/16\/revisions\/386"}],"wp:attachment":[{"href":"https:\/\/acsaudit.com.co\/en\/wp-json\/wp\/v2\/media?parent=16"}],"curies":[{"name":"wp","href":"https:\/\/api.w.org\/{rel}","templated":true}]}}