{"id":90,"date":"2024-07-21T06:46:55","date_gmt":"2024-07-21T11:46:55","guid":{"rendered":"https:\/\/acsaudit.com.co\/?page_id=90"},"modified":"2024-08-21T12:30:40","modified_gmt":"2024-08-21T17:30:40","slug":"quienes-somos","status":"publish","type":"page","link":"https:\/\/acsaudit.com.co\/en\/quienes-somos\/","title":{"rendered":"Who we are"},"content":{"rendered":"<div id=\"fws_69f20362293b2\"  data-column-margin=\"default\" data-midnight=\"dark\"  class=\"wpb_row vc_row-fluid vc_row full-width-section\"  style=\"padding-top: 130px; padding-bottom: 130px; \"><div class=\"row-bg-wrap\" data-bg-animation=\"none\" data-bg-animation-delay=\"\" data-bg-overlay=\"true\"><div class=\"inner-wrap row-bg-layer using-image\" ><div class=\"row-bg viewport-desktop using-image\"  style=\"background-image: url(https:\/\/acsaudit.com.co\/wp-content\/uploads\/2024\/08\/Sistema_de_-Administracion_de_Riesgos.jpg); background-position: center center; background-repeat: no-repeat; \"><\/div><\/div><div class=\"row-bg-overlay row-bg-layer\" style=\"background: #2ac4ea; background: linear-gradient(90deg,#2ac4ea 0%,#00335f 100%);  opacity: 0.8; \"><\/div><\/div><div class=\"nectar-shape-divider-wrap no-color\" style=\" height:50px;\"  data-height=\"50\" data-front=\"true\" data-style=\"curve_asym_2\" data-position=\"bottom\" ><svg class=\"nectar-shape-divider\" aria-hidden=\"true\" fill=\"\" xmlns=\"http:\/\/www.w3.org\/2000\/svg\" viewbox=\"0 0 100 100\" preserveaspectratio=\"none\"> <path d=\"M0 100 C 50 0 80 0 100 100 Z\"><\/path> <\/svg><\/div><div class=\"row_col_wrap_12 col span_12 dark left\">\n\t<div  class=\"vc_col-sm-12 wpb_column column_container vc_column_container col no-extra-padding inherit_tablet inherit_phone\"  data-padding-pos=\"all\" data-has-bg-color=\"false\" data-bg-color=\"\" data-bg-opacity=\"1\" data-animation=\"\" data-delay=\"0\" >\n\t\t<div class=\"vc_column-inner\" >\n\t\t\t<div class=\"wpb_wrapper\">\n\t\t\t\t<h2 style=\"font-size: 45px;color: #ffffff;text-align: center\" class=\"vc_custom_heading wpb_animate_when_almost_visible wpb_fadeInDown fadeInDown\" >Who we are<\/h2>\n\t\t\t<\/div> \n\t\t<\/div>\n\t<\/div> \n<\/div><\/div>\n\t\t<div id=\"fws_69f20362353f6\"  data-column-margin=\"40px\" data-midnight=\"dark\" data-top-percent=\"4%\" data-bottom-percent=\"4%\"  class=\"wpb_row vc_row-fluid vc_row vc_row-o-equal-height vc_row-flex vc_row-o-content-middle  top_padding_phone_8pct\"  style=\"padding-top: calc(100vw * 0.04); padding-bottom: calc(100vw * 0.04); \"><div class=\"row-bg-wrap\" data-bg-animation=\"none\" data-bg-animation-delay=\"\" data-bg-overlay=\"false\"><div class=\"inner-wrap row-bg-layer\" ><div class=\"row-bg viewport-desktop\"  style=\"\"><\/div><\/div><\/div><div class=\"row_col_wrap_12 col span_12 dark left\">\n\t<div  class=\"vc_col-sm-6 wpb_column column_container vc_column_container col has-animation no-extra-padding inherit_tablet inherit_phone\"  data-padding-pos=\"all\" data-has-bg-color=\"false\" data-bg-color=\"\" data-bg-opacity=\"1\" data-animation=\"reveal-from-left\" data-delay=\"0\" >\n\t\t<div class=\"vc_column-inner\" >\n\t\t\t<div class=\"wpb_wrapper\">\n\t\t\t\t<h3 style=\"font-size: 28px;color: #00335f;text-align: left\" class=\"vc_custom_heading wpb_animate_when_almost_visible wpb_fadeInDown fadeInDown\" >About us<\/h3>\n<div class=\"wpb_text_column wpb_content_element\" >\n\t<div class=\"wpb_wrapper\">\n\t\t<p style=\"text-align: justify;\">Audit &amp; Consulting Services S. A. S. \u2013 ACS \u2013 is a signature colombian founded in 2007 and formed by professionals skilled and highly trained in auditing and consultancy services in matters of accounting, tax, financial, business, and legal, which seeks to advise with the best quality and provide efficient and effective services to the companies in colombia, establishing a lasting relationship with the customers, on the basis of the extensive experience of our partners and professionals linked to the firm. Our services are provided with personal guidance, direct and confidential, planning, managing and executing solutions with added value for our customers.<\/p>\n\t<\/div>\n<\/div>\n\n\n\n<div class=\"divider-wrap\" style=\"opacity: 0.1;\" data-alignment=\"default\"><div style=\"margin-top: 20px; height: 1px; margin-bottom: 20px;\" data-width=\"100%\" data-animate=\"yes\" data-animation-delay=\"\" data-color=\"extra-color-1\" class=\"divider-border\"><\/div><\/div><div id=\"fws_69f2036237380\" data-midnight=\"\" data-column-margin=\"40px\" class=\"wpb_row vc_row-fluid vc_row inner_row\"  style=\"\"><div class=\"row-bg-wrap\"> <div class=\"row-bg\" ><\/div> <\/div><div class=\"row_col_wrap_12_inner col span_12  left\">\n\t<div  class=\"vc_col-sm-6 wpb_column column_container vc_column_container col child_column no-extra-padding inherit_tablet inherit_phone\"   data-padding-pos=\"all\" data-has-bg-color=\"false\" data-bg-color=\"\" data-bg-opacity=\"1\" data-animation=\"\" data-delay=\"0\" >\n\t\t<div class=\"vc_column-inner\" >\n\t\t<div class=\"wpb_wrapper\">\n\t\t\t\n<div class=\"wpb_text_column wpb_content_element\" >\n\t<div class=\"wpb_wrapper\">\n\t\t<p><span style=\"color: #19365c; text-align: justify;\"><strong>ACS Audit &amp; Consulting Services SAS<\/strong><\/span><br \/>\n<span style=\"text-align: justify;\">We are a Member Firm of SMS Latin america.<\/span><\/p>\n<p style=\"text-align: justify;\">In SMS Latin america we are convinced that our identity is what defines us. We were born in Latin america and we understand the idiosyncrasies, we share values and we recognize the possibilities of the region. That&#039;s why, we created a membership organization for professional firms of independent Audit, Consulting, Tax, Accounting Outsourcing, technology and sustainability, to capitalize on this knowledge and contribute to both the growth of businesses as to the economic development of the region. In SMS Latin america make it possible.<\/p>\n\t<\/div>\n<\/div>\n\n\n\n\n\t\t<\/div> \n\t<\/div>\n\t<\/div> \n\n\t<div  class=\"vc_col-sm-6 wpb_column column_container vc_column_container col child_column no-extra-padding inherit_tablet inherit_phone\"   data-padding-pos=\"all\" data-has-bg-color=\"false\" data-bg-color=\"\" data-bg-opacity=\"1\" data-animation=\"\" data-delay=\"0\" >\n\t\t<div class=\"vc_column-inner\" >\n\t\t<div class=\"wpb_wrapper\">\n\t\t\t\n<div class=\"wpb_text_column wpb_content_element\" >\n\t<div class=\"wpb_wrapper\">\n\t\t<p style=\"text-align: justify;\"><span style=\"color: #19365c;\"><strong>ACS has the ability<\/strong><\/span> to meet the demand of services in all of Colombia from its offices in Bogot\u00e1 and its subsidiary in Barranquilla. The firm continues in the process of consolidation in their goal to establish itself as one of the top ten in the country, with international character, with operations in Colombia.<\/p>\n\t<\/div>\n<\/div>\n\n\n\n<div class=\"divider-wrap\" data-alignment=\"default\"><div style=\"height: 20px;\" class=\"divider\"><\/div><\/div>\n<div class=\"wpb_text_column wpb_content_element\" >\n\t<div class=\"wpb_wrapper\">\n\t\t<p style=\"text-align: justify;\"><span style=\"color: #19365c;\"><strong>Our accounting firm<\/strong><\/span> has a former director of the Technical Council of the Public Accounting \u2013 CTCP - and former member of the Central Board of Accountants: our managing Partner Daniel Sarmiento Pavas.<\/p>\n\t<\/div>\n<\/div>\n\n\n\n<div class=\"divider-wrap\" data-alignment=\"default\"><div style=\"height: 20px;\" class=\"divider\"><\/div><\/div>\n<div class=\"wpb_text_column wpb_content_element\" >\n\t<div class=\"wpb_wrapper\">\n\t\t<p style=\"text-align: justify;\"><span style=\"color: #19365c;\"><strong>Daniel Sarmiento<\/strong><\/span> Guan was representative of Colombia to the Consultative Advisory Groups of the audit and ethics of IFAC, a member of the Small and Medium Enterprises Implementation Group of the IFRS Foundation and is a member of the Technical Advisory Group \u2013TAG - Financial Information for the REAL is led by CIPFA in the United Kingdom.<\/p>\n\t<\/div>\n<\/div>\n\n\n\n\n\t\t<\/div> \n\t<\/div>\n\t<\/div> \n<\/div><\/div>\n\t\t\t<\/div> \n\t\t<\/div>\n\t<\/div> \n\n\t<div  class=\"vc_col-sm-6 wpb_column column_container vc_column_container col has-animation no-extra-padding inherit_tablet inherit_phone\"  data-padding-pos=\"all\" data-has-bg-color=\"false\" data-bg-color=\"\" data-bg-opacity=\"1\" data-animation=\"reveal-from-right\" data-delay=\"0\" >\n\t\t<div class=\"vc_column-inner\" >\n\t\t\t<div class=\"wpb_wrapper\">\n\t\t\t\t<div class=\"img-with-aniamtion-wrap\" data-max-width=\"100%\" data-max-width-mobile=\"default\" data-shadow=\"none\" data-animation=\"none\" >\n      <div class=\"inner\">\n        <div class=\"hover-wrap\"> \n          <div class=\"hover-wrap-inner\">\n            <img loading=\"lazy\" decoding=\"async\" class=\"img-with-animation skip-lazy\" data-delay=\"0\" height=\"1163\" width=\"1000\" data-animation=\"none\" src=\"https:\/\/acsaudit.com.co\/wp-content\/uploads\/2024\/08\/quienes_somos-asesoria_fiscal-2.jpg\" alt=\"\" srcset=\"https:\/\/acsaudit.com.co\/wp-content\/uploads\/2024\/08\/quienes_somos-asesoria_fiscal-2.jpg 1000w, https:\/\/acsaudit.com.co\/wp-content\/uploads\/2024\/08\/quienes_somos-asesoria_fiscal-2-258x300.jpg 258w, https:\/\/acsaudit.com.co\/wp-content\/uploads\/2024\/08\/quienes_somos-asesoria_fiscal-2-880x1024.jpg 880w, https:\/\/acsaudit.com.co\/wp-content\/uploads\/2024\/08\/quienes_somos-asesoria_fiscal-2-768x893.jpg 768w\" sizes=\"auto, (max-width: 1000px) 100vw, 1000px\" \/>\n          <\/div>\n        <\/div>\n      <\/div>\n    <\/div>\n\t\t\t<\/div> \n\t\t<\/div>\n\t<\/div> \n<\/div><\/div>\n\t\t<div id=\"fws_69f2036244b7f\"  data-column-margin=\"40px\" data-midnight=\"dark\" data-top-percent=\"6%\" data-bottom-percent=\"6%\"  class=\"wpb_row vc_row-fluid vc_row full-width-section vc_row-o-equal-height vc_row-flex vc_row-o-content-middle  top_padding_phone_10pct\"  style=\"padding-top: calc(100vw * 0.06); padding-bottom: calc(100vw * 0.06); \"><div class=\"row-bg-wrap\" data-bg-animation=\"none\" data-bg-animation-delay=\"\" data-bg-overlay=\"false\"><div class=\"inner-wrap row-bg-layer\" ><div class=\"row-bg viewport-desktop using-bg-color\"  style=\"background-color: #f7f7f7; \"><\/div><\/div><\/div><div class=\"nectar-shape-divider-wrap no-color\" style=\" height:50px;\"  data-height=\"50\" data-front=\"\" data-style=\"curve_asym_2\" data-position=\"top\" ><svg class=\"nectar-shape-divider\" aria-hidden=\"true\" fill=\"\" xmlns=\"http:\/\/www.w3.org\/2000\/svg\" viewbox=\"0 0 100 100\" preserveaspectratio=\"none\"> <path d=\"M0 100 C 50 0 80 0 100 100 Z\"><\/path> <\/svg><\/div><div class=\"row_col_wrap_12 col span_12 dark left\">\n\t<div  class=\"vc_col-sm-6 wpb_column column_container vc_column_container col has-animation no-extra-padding inherit_tablet inherit_phone\"  data-padding-pos=\"all\" data-has-bg-color=\"false\" data-bg-color=\"\" data-bg-opacity=\"1\" data-animation=\"reveal-from-left\" data-delay=\"0\" >\n\t\t<div class=\"vc_column-inner\" >\n\t\t\t<div class=\"wpb_wrapper\">\n\t\t\t\t<div class=\"img-with-aniamtion-wrap\" data-max-width=\"100%\" data-max-width-mobile=\"default\" data-shadow=\"none\" data-animation=\"none\" >\n      <div class=\"inner\">\n        <div class=\"hover-wrap\"> \n          <div class=\"hover-wrap-inner\">\n            <img loading=\"lazy\" decoding=\"async\" class=\"img-with-animation skip-lazy\" data-delay=\"0\" height=\"1477\" width=\"1000\" data-animation=\"none\" src=\"https:\/\/acsaudit.com.co\/wp-content\/uploads\/2024\/08\/Daniel_Sarmiento_Pavas_ACS-6.jpg\" alt=\"\" srcset=\"https:\/\/acsaudit.com.co\/wp-content\/uploads\/2024\/08\/Daniel_Sarmiento_Pavas_ACS-6.jpg 1000w, https:\/\/acsaudit.com.co\/wp-content\/uploads\/2024\/08\/Daniel_Sarmiento_Pavas_ACS-6-203x300.jpg 203w, https:\/\/acsaudit.com.co\/wp-content\/uploads\/2024\/08\/Daniel_Sarmiento_Pavas_ACS-6-693x1024.jpg 693w, https:\/\/acsaudit.com.co\/wp-content\/uploads\/2024\/08\/Daniel_Sarmiento_Pavas_ACS-6-768x1134.jpg 768w, https:\/\/acsaudit.com.co\/wp-content\/uploads\/2024\/08\/Daniel_Sarmiento_Pavas_ACS-6-8x12.jpg 8w\" sizes=\"auto, (max-width: 1000px) 100vw, 1000px\" \/>\n          <\/div>\n        <\/div>\n      <\/div>\n    <\/div>\n\t\t\t<\/div> \n\t\t<\/div>\n\t<\/div> \n\n\t<div  class=\"vc_col-sm-6 wpb_column column_container vc_column_container col has-animation no-extra-padding inherit_tablet inherit_phone\"  data-padding-pos=\"all\" data-has-bg-color=\"false\" data-bg-color=\"\" data-bg-opacity=\"1\" data-animation=\"reveal-from-right\" data-delay=\"0\" >\n\t\t<div class=\"vc_column-inner\" >\n\t\t\t<div class=\"wpb_wrapper\">\n\t\t\t\t<h3 style=\"font-size: 28px;color: #00335f;line-height: 0,2;text-align: left\" class=\"vc_custom_heading wpb_animate_when_almost_visible wpb_fadeInDown fadeInDown\" >Our Managing Partner<\/h3><div class=\"divider-wrap\" style=\"opacity: 0.1;\" data-alignment=\"default\"><div style=\"margin-top: 20px; height: 1px; margin-bottom: 20px;\" data-width=\"100%\" data-animate=\"yes\" data-animation-delay=\"\" data-color=\"extra-color-1\" class=\"divider-border\"><\/div><\/div>\n<div class=\"wpb_text_column wpb_content_element\" >\n\t<div class=\"wpb_wrapper\">\n\t\t<p style=\"text-align: justify;\">Daniel Sarmiento Guan is a leader of opinion in Colombia in the subjects of accounting, international financial reporting standards \u2013IFRS, audit, information assurance, auditing and fiscal management of the quality.<\/p>\n<p style=\"text-align: justify;\">As a certified public accountant, has over 35 years of professional experience backed by rigorous academic training:<\/p>\n<ul style=\"text-align: justify;\">\n<li>MBA graduate of the University UNED in Spain<\/li>\n<li>Public accountant graduated from the Universidad Externado de Colombia<\/li>\n<li>Business administrator graduated from the Universidad Externado de Colombia<\/li>\n<li>Lawyer of the University of la Gran Colombia<\/li>\n<li>Specialist in Audit Systems of the University Antonio Nari\u00f1o<\/li>\n<li>Certificate in IFRS by the Association of Chartered Certified Accountants \u2013 ACCA - Uk<\/li>\n<li>Accountant certified by the Spanish Association of Accounting and Business Administration \u2013 AECA-<\/li>\n<li>Maestr\u00eda en Criminolog\u00eda, Universidad de Valencia (Espa\u00f1a).<\/li>\n<li>Maestr\u00eda en derecho penal econ\u00f3mico, Universidad de La Rioja, Espa\u00f1a.<\/li>\n<\/ul>\n<p style=\"text-align: justify;\">Estas calidades le han permitido acreditar una vasta experiencia profesional. Entre la m\u00e1s relevantes se encuentran:<\/p>\n<ul style=\"text-align: justify;\">\n<li>President of the Central Board of Accountants \u2013 TCG- (surveillance authority and supervision in Colombia)<\/li>\n<li>Director of the Technical Council of the Public Accounting \u2013 CTCP- (regulatory authority technical accounting in Colombia)<\/li>\n<li>Director IFRS of the signature Fast &amp; ABS \u2013 Grant Thornton<\/li>\n<li>Financial manager, Auditor and statutory auditor in entities in the financial and real for more than 30 years<\/li>\n<li>Co-author of the book: International Financial reporting Standards IFRS IFRS. Examples, Exercises, and Case studies Discussed. 2009.<\/li>\n<li>More than 30 years of teaching experience in undergraduate and graduate programs in more than 20 universities in the country.<\/li>\n<li>Member of the Technical Committee for the tests to Know the Pro&#039;s degree in Public Accounting from the ICFES.<\/li>\n<li>Consultant for the World Bank and UNCTAD on issues of accounting, auditing and sustainability.<\/li>\n<li>Recurring international speaker invited in IFRS and trainer of different organizations in Colombia.<\/li>\n<li>Member of the Board of Directors of the INCP.<\/li>\n<li>Member of the Advisory Council of SMS Latin america.<\/li>\n<\/ul>\n<p style=\"text-align: justify;\">Your knowledge, experience, and prestige today, are a guarantee of the quality of the services offered by ACS.<\/p>\n\t<\/div>\n<\/div>\n\n\n\n\n\t\t\t<\/div> \n\t\t<\/div>\n\t<\/div> \n<\/div><\/div>","protected":false},"excerpt":{"rendered":"Quienes somos Sobre nosotros Audit &amp; Consulting Services S.A.S. \u2013 ACS \u2013 es una firma colombiana fundada en 2007 y conformada por profesionales id\u00f3neos y altamente capacitados en servicios de...","protected":false},"author":1,"featured_media":0,"parent":0,"menu_order":0,"comment_status":"closed","ping_status":"closed","template":"","meta":{"footnotes":""},"class_list":["post-90","page","type-page","status-publish"],"yoast_head":"<!-- This site is optimized with the Yoast SEO plugin v27.5 - https:\/\/yoast.com\/product\/yoast-seo-wordpress\/ -->\n<title>Quienes somos - Audit and Consulting Services S.A.S | SMS<\/title>\n<meta name=\"robots\" content=\"index, follow, max-snippet:-1, max-image-preview:large, max-video-preview:-1\" \/>\n<link rel=\"canonical\" href=\"https:\/\/acsaudit.com.co\/en\/quienes-somos\/\" \/>\n<meta property=\"og:locale\" content=\"en_US\" \/>\n<meta property=\"og:type\" content=\"article\" \/>\n<meta property=\"og:title\" content=\"Quienes somos - Audit and Consulting Services S.A.S | SMS\" \/>\n<meta property=\"og:url\" content=\"https:\/\/acsaudit.com.co\/en\/quienes-somos\/\" \/>\n<meta property=\"og:site_name\" content=\"Audit and Consulting Services S.A.S | SMS\" \/>\n<meta property=\"article:modified_time\" content=\"2024-08-21T17:30:40+00:00\" \/>\n<meta name=\"twitter:card\" content=\"summary_large_image\" \/>\n<meta name=\"twitter:label1\" content=\"Est. reading time\" \/>\n\t<meta name=\"twitter:data1\" content=\"10 minutes\" \/>\n<script type=\"application\/ld+json\" class=\"yoast-schema-graph\">{\"@context\":\"https:\\\/\\\/schema.org\",\"@graph\":[{\"@type\":\"WebPage\",\"@id\":\"https:\\\/\\\/acsaudit.com.co\\\/quienes-somos\\\/\",\"url\":\"https:\\\/\\\/acsaudit.com.co\\\/quienes-somos\\\/\",\"name\":\"Quienes somos - Audit and Consulting Services S.A.S | SMS\",\"isPartOf\":{\"@id\":\"https:\\\/\\\/acsaudit.com.co\\\/#website\"},\"datePublished\":\"2024-07-21T11:46:55+00:00\",\"dateModified\":\"2024-08-21T17:30:40+00:00\",\"breadcrumb\":{\"@id\":\"https:\\\/\\\/acsaudit.com.co\\\/quienes-somos\\\/#breadcrumb\"},\"inLanguage\":\"en-US\",\"potentialAction\":[{\"@type\":\"ReadAction\",\"target\":[\"https:\\\/\\\/acsaudit.com.co\\\/quienes-somos\\\/\"]}]},{\"@type\":\"BreadcrumbList\",\"@id\":\"https:\\\/\\\/acsaudit.com.co\\\/quienes-somos\\\/#breadcrumb\",\"itemListElement\":[{\"@type\":\"ListItem\",\"position\":1,\"name\":\"Inicio\",\"item\":\"https:\\\/\\\/acsaudit.com.co\\\/\"},{\"@type\":\"ListItem\",\"position\":2,\"name\":\"Quienes somos\"}]},{\"@type\":\"WebSite\",\"@id\":\"https:\\\/\\\/acsaudit.com.co\\\/#website\",\"url\":\"https:\\\/\\\/acsaudit.com.co\\\/\",\"name\":\"Audit and Consulting Services S.A.S | SMS\",\"description\":\"Servicios de revisor\u00eda fiscal y control de calidad ISQC1 de acuerdo con los requerimientos de la NICC1\",\"potentialAction\":[{\"@type\":\"SearchAction\",\"target\":{\"@type\":\"EntryPoint\",\"urlTemplate\":\"https:\\\/\\\/acsaudit.com.co\\\/?s={search_term_string}\"},\"query-input\":{\"@type\":\"PropertyValueSpecification\",\"valueRequired\":true,\"valueName\":\"search_term_string\"}}],\"inLanguage\":\"en-US\"}]}<\/script>\n<!-- \/ Yoast SEO plugin. -->","yoast_head_json":{"title":"Quienes somos - Audit and Consulting Services S.A.S | SMS","robots":{"index":"index","follow":"follow","max-snippet":"max-snippet:-1","max-image-preview":"max-image-preview:large","max-video-preview":"max-video-preview:-1"},"canonical":"https:\/\/acsaudit.com.co\/en\/quienes-somos\/","og_locale":"en_US","og_type":"article","og_title":"Quienes somos - Audit and Consulting Services S.A.S | SMS","og_url":"https:\/\/acsaudit.com.co\/en\/quienes-somos\/","og_site_name":"Audit and Consulting Services S.A.S | SMS","article_modified_time":"2024-08-21T17:30:40+00:00","twitter_card":"summary_large_image","twitter_misc":{"Est. reading time":"10 minutes"},"schema":{"@context":"https:\/\/schema.org","@graph":[{"@type":"WebPage","@id":"https:\/\/acsaudit.com.co\/quienes-somos\/","url":"https:\/\/acsaudit.com.co\/quienes-somos\/","name":"Quienes somos - Audit and Consulting Services S.A.S | SMS","isPartOf":{"@id":"https:\/\/acsaudit.com.co\/#website"},"datePublished":"2024-07-21T11:46:55+00:00","dateModified":"2024-08-21T17:30:40+00:00","breadcrumb":{"@id":"https:\/\/acsaudit.com.co\/quienes-somos\/#breadcrumb"},"inLanguage":"en-US","potentialAction":[{"@type":"ReadAction","target":["https:\/\/acsaudit.com.co\/quienes-somos\/"]}]},{"@type":"BreadcrumbList","@id":"https:\/\/acsaudit.com.co\/quienes-somos\/#breadcrumb","itemListElement":[{"@type":"ListItem","position":1,"name":"Inicio","item":"https:\/\/acsaudit.com.co\/"},{"@type":"ListItem","position":2,"name":"Quienes somos"}]},{"@type":"WebSite","@id":"https:\/\/acsaudit.com.co\/#website","url":"https:\/\/acsaudit.com.co\/","name":"Audit and Consulting Services S.A.S | SMS","description":"Servicios de revisor\u00eda fiscal y control de calidad ISQC1 de acuerdo con los requerimientos de la NICC1","potentialAction":[{"@type":"SearchAction","target":{"@type":"EntryPoint","urlTemplate":"https:\/\/acsaudit.com.co\/?s={search_term_string}"},"query-input":{"@type":"PropertyValueSpecification","valueRequired":true,"valueName":"search_term_string"}}],"inLanguage":"en-US"}]}},"_links":{"self":[{"href":"https:\/\/acsaudit.com.co\/en\/wp-json\/wp\/v2\/pages\/90","targetHints":{"allow":["GET"]}}],"collection":[{"href":"https:\/\/acsaudit.com.co\/en\/wp-json\/wp\/v2\/pages"}],"about":[{"href":"https:\/\/acsaudit.com.co\/en\/wp-json\/wp\/v2\/types\/page"}],"author":[{"embeddable":true,"href":"https:\/\/acsaudit.com.co\/en\/wp-json\/wp\/v2\/users\/1"}],"replies":[{"embeddable":true,"href":"https:\/\/acsaudit.com.co\/en\/wp-json\/wp\/v2\/comments?post=90"}],"version-history":[{"count":16,"href":"https:\/\/acsaudit.com.co\/en\/wp-json\/wp\/v2\/pages\/90\/revisions"}],"predecessor-version":[{"id":384,"href":"https:\/\/acsaudit.com.co\/en\/wp-json\/wp\/v2\/pages\/90\/revisions\/384"}],"wp:attachment":[{"href":"https:\/\/acsaudit.com.co\/en\/wp-json\/wp\/v2\/media?parent=90"}],"curies":[{"name":"wp","href":"https:\/\/api.w.org\/{rel}","templated":true}]}}